{"id":65,"date":"2026-03-01T10:14:38","date_gmt":"2026-03-01T13:14:38","guid":{"rendered":"https:\/\/congresso.esperanto.org.br\/?page_id=65"},"modified":"2026-04-21T14:07:09","modified_gmt":"2026-04-21T17:07:09","slug":"congressistas","status":"publish","type":"page","link":"https:\/\/congresso.esperanto.org.br\/eo\/congressistas\/","title":{"rendered":"Listo de kongresanoj"},"content":{"rendered":"<p>\u0108i tiu estas la listo de homoj ali\u011dintaj al la kongreso. Vi povas uzi je <kbd>Ctrl+F<\/kbd> (a\u016d <kbd>Cmd+F<\/kbd>) por kontroli \u0109u via nomo estas en \u011di.<\/p>\n\n\n\n<p>\u0108i tiu listo estis \u011disdatigita je la <strong>21-a de aprilo 2026<\/strong>.<\/p>\n\n\n\n<figure class=\"wp-block-table\"><table><thead><tr><th><\/th><th>UF<\/th><th>Urbo<\/th><th>Nomo<\/th><th>Kategorio<\/th><\/tr><\/thead><tbody><tr><td class=\"has-text-align-right\" data-align=\"right\">1<\/td><td>AL<\/td><td>Masejoo<\/td><td>Aristophio<\/td><td>BEL-ano<\/td><\/tr><tr><td class=\"has-text-align-right\" data-align=\"right\">2<\/td><td>AL<\/td><td>Rio-Largo<\/td><td>Antonio Jos\u00e9 Ramos Alves<\/td><td>BEL-ano<\/td><\/tr><tr><td class=\"has-text-align-right\" data-align=\"right\">3<\/td><td>AL<\/td><td>Rio-Largo<\/td><td>Emmanuel de Oliveira Alves<\/td><td>Familiano<\/td><\/tr><tr><td class=\"has-text-align-right\" data-align=\"right\">4<\/td><td>AP<\/td><td>Makapao<\/td><td>Carlos<\/td><td>BEJO-ano<\/td><\/tr><tr><td class=\"has-text-align-right\" data-align=\"right\">5<\/td><td>BA<\/td><td>Kandejo<\/td><td>Zore<\/td><td>BEL-ano<\/td><\/tr><tr><td class=\"has-text-align-right\" data-align=\"right\">6<\/td><td>BA<\/td><td>Salvadoro<\/td><td>Elisia<\/td><td>BEL-ano<\/td><\/tr><tr><td class=\"has-text-align-right\" data-align=\"right\">7<\/td><td>BA<\/td><td>Salvadoro<\/td><td>IZABEL<\/td><td>BEL-ano<\/td><\/tr><tr><td class=\"has-text-align-right\" data-align=\"right\">8<\/td><td>BA<\/td><td>Salvadoro<\/td><td>Kikero<\/td><td>BEL-ano<\/td><\/tr><tr><td class=\"has-text-align-right\" data-align=\"right\">9<\/td><td>CE<\/td><td>Ka\u016dkajo<\/td><td>M\u00e1rcia<\/td><td>Familiano<\/td><\/tr><tr><td class=\"has-text-align-right\" data-align=\"right\">10<\/td><td>CE<\/td><td>Ka\u016dkajo<\/td><td>Rita<\/td><td>BEL-ano<\/td><\/tr><tr><td class=\"has-text-align-right\" data-align=\"right\">11<\/td><td>CE<\/td><td>Ka\u016dkajo<\/td><td>Wandemberg<\/td><td>BEL-ano<\/td><\/tr><tr><td class=\"has-text-align-right\" data-align=\"right\">12<\/td><td>CE<\/td><td>Crato<\/td><td>Geralda<\/td><td>BEL-ano<\/td><\/tr><tr><td class=\"has-text-align-right\" data-align=\"right\">13<\/td><td>CE<\/td><td>Fortalezo<\/td><td>Iraneide<\/td><td>Familiano<\/td><\/tr><tr><td class=\"has-text-align-right\" data-align=\"right\">14<\/td><td>CE<\/td><td>Fortalezo<\/td><td>Oscar<\/td><td>BEL-ano<\/td><\/tr><tr><td class=\"has-text-align-right\" data-align=\"right\">15<\/td><td>CE<\/td><td>Fortalezo<\/td><td>Vera L\u00facia<\/td><td>BEL-ano<\/td><\/tr><tr><td class=\"has-text-align-right\" data-align=\"right\">16<\/td><td>DF<\/td><td>Braziljo<\/td><td>Ary Lex<\/td><td>BEL-ano<\/td><\/tr><tr><td class=\"has-text-align-right\" data-align=\"right\">17<\/td><td>DF<\/td><td>Braziljo<\/td><td>Euripedes<\/td><td>BEL-ano<\/td><\/tr><tr><td class=\"has-text-align-right\" data-align=\"right\">18<\/td><td>DF<\/td><td>Braziljo<\/td><td>J\u00f3nior<\/td><td>BEL-ano<\/td><\/tr><tr><td class=\"has-text-align-right\" data-align=\"right\">19<\/td><td>DF<\/td><td>Braziljo<\/td><td>Luiz Otavio<\/td><td>BEL-ano<\/td><\/tr><tr><td class=\"has-text-align-right\" data-align=\"right\">20<\/td><td>DF<\/td><td>Braziljo<\/td><td>Maria Barcellos<\/td><td>BEL-ano<\/td><\/tr><tr><td class=\"has-text-align-right\" data-align=\"right\">21<\/td><td>DF<\/td><td>Braziljo<\/td><td>Monika<\/td><td>BEL-ano<\/td><\/tr><tr><td class=\"has-text-align-right\" data-align=\"right\">22<\/td><td>DF<\/td><td>Braziljo<\/td><td>N\u00e9ia L\u00facia Souza<\/td><td>BEL-ano<\/td><\/tr><tr><td class=\"has-text-align-right\" data-align=\"right\">23<\/td><td>DF<\/td><td>Braziljo<\/td><td>S\u00d4NIA L\u00daCIO<\/td><td>BEL-ano<\/td><\/tr><tr><td class=\"has-text-align-right\" data-align=\"right\">24<\/td><td>ES<\/td><td>Nova-Venesjo<\/td><td>LUIZ CARLOS FONTES ROMUALDO<\/td><td>BEL-ano<\/td><\/tr><tr><td class=\"has-text-align-right\" data-align=\"right\">25<\/td><td>MG<\/td><td>Belo-Horizonto<\/td><td>Gabriel<\/td><td>BEJO-ano<\/td><\/tr><tr><td class=\"has-text-align-right\" data-align=\"right\">26<\/td><td>MG<\/td><td>Belo-Horizonto<\/td><td>Job<\/td><td>BEL-ano<\/td><\/tr><tr><td class=\"has-text-align-right\" data-align=\"right\">27<\/td><td>MG<\/td><td>Belo-Horizonto<\/td><td>La\u00eds Lyra Hatencia<\/td><td>BEJO-ano<\/td><\/tr><tr><td class=\"has-text-align-right\" data-align=\"right\">28<\/td><td>MG<\/td><td>Divinopolo<\/td><td>Sarah<\/td><td>BEL-ano<\/td><\/tr><tr><td class=\"has-text-align-right\" data-align=\"right\">29<\/td><td>MG<\/td><td>\u0134uiz-de-Foro<\/td><td>Guilherme<\/td><td>BEJO-ano<\/td><\/tr><tr><td class=\"has-text-align-right\" data-align=\"right\">30<\/td><td>MS<\/td><td>Kampo-Grando<\/td><td>Jacira<\/td><td>BEL-ano<\/td><\/tr><tr><td class=\"has-text-align-right\" data-align=\"right\">31<\/td><td>PB<\/td><td>Kampina-Grando<\/td><td>Oscar<\/td><td>BEL-ano<\/td><\/tr><tr><td class=\"has-text-align-right\" data-align=\"right\">32<\/td><td>PB<\/td><td>Posinjo<\/td><td>Roberto Ribeiro<\/td><td>BEL-ano<\/td><\/tr><tr><td class=\"has-text-align-right\" data-align=\"right\">33<\/td><td>PE<\/td><td>Resifo<\/td><td>Marton Paulo<\/td><td>BEL-ano<\/td><\/tr><tr><td class=\"has-text-align-right\" data-align=\"right\">34<\/td><td>PE<\/td><td>Resifo<\/td><td>Sebasti\u00e3o<\/td><td>BEL-ano<\/td><\/tr><tr><td class=\"has-text-align-right\" data-align=\"right\">35<\/td><td>PR<\/td><td>Kuritibo<\/td><td>Roberson<\/td><td>BEL-ano<\/td><\/tr><tr><td class=\"has-text-align-right\" data-align=\"right\">36<\/td><td>RJ<\/td><td>Kampo-dos-Gojtakazo<\/td><td>Bira<\/td><td>Familiano<\/td><\/tr><tr><td class=\"has-text-align-right\" data-align=\"right\">37<\/td><td>RJ<\/td><td>Kampo-dos-Gojtakazo<\/td><td>Ilmar<\/td><td>BEL-ano<\/td><\/tr><tr><td class=\"has-text-align-right\" data-align=\"right\">38<\/td><td>RJ<\/td><td>Niterojo<\/td><td>\u00c1lvaro Olivarbo<\/td><td>BEL-ano<\/td><\/tr><tr><td class=\"has-text-align-right\" data-align=\"right\">39<\/td><td>RJ<\/td><td>Niterojo<\/td><td>Beth Trapanez<\/td><td>BEL-ano<\/td><\/tr><tr><td class=\"has-text-align-right\" data-align=\"right\">40<\/td><td>RJ<\/td><td>Nova-Igvasuo<\/td><td>Maria Luiza<\/td><td>N\u00e3o membro<\/td><\/tr><tr><td class=\"has-text-align-right\" data-align=\"right\">41<\/td><td>RJ<\/td><td>Petropolo<\/td><td>M\u00e1rcio Santos Nascimento<\/td><td>BEL-ano<\/td><\/tr><tr><td class=\"has-text-align-right\" data-align=\"right\">42<\/td><td>RJ<\/td><td>Rio-de-\u0134anejro<\/td><td>Alvaro Motta<\/td><td>BEL-ano<\/td><\/tr><tr><td class=\"has-text-align-right\" data-align=\"right\">43<\/td><td>RJ<\/td><td>Rio-de-\u0134anejro<\/td><td>Elmir Lima<\/td><td>BEL-ano<\/td><\/tr><tr><td class=\"has-text-align-right\" data-align=\"right\">44<\/td><td>RJ<\/td><td>Rio-de-\u0134anejro<\/td><td>FERNANDO<\/td><td>BEL-ano<\/td><\/tr><tr><td class=\"has-text-align-right\" data-align=\"right\">45<\/td><td>RJ<\/td><td>Rio-de-\u0134anejro<\/td><td>Helder<\/td><td>BEL-ano<\/td><\/tr><tr><td class=\"has-text-align-right\" data-align=\"right\">46<\/td><td>RJ<\/td><td>Rio-de-\u0134anejro<\/td><td>Ingrid<\/td><td>Familiano<\/td><\/tr><tr><td class=\"has-text-align-right\" data-align=\"right\">47<\/td><td>RJ<\/td><td>Rio-de-\u0134anejro<\/td><td>Jussara Lima<\/td><td>Familiano<\/td><\/tr><tr><td class=\"has-text-align-right\" data-align=\"right\">48<\/td><td>RJ<\/td><td>Rio-de-\u0134anejro<\/td><td>Maria Amelia<\/td><td>Familiano<\/td><\/tr><tr><td class=\"has-text-align-right\" data-align=\"right\">49<\/td><td>RJ<\/td><td>Rio-de-\u0134anejro<\/td><td>Rinaldo Gallindo<\/td><td>BEL-ano<\/td><\/tr><tr><td class=\"has-text-align-right\" data-align=\"right\">50<\/td><td>RJ<\/td><td>San-Gonsalo<\/td><td>Mariza Olivarbo<\/td><td>Familiano<\/td><\/tr><tr><td class=\"has-text-align-right\" data-align=\"right\">51<\/td><td>RN<\/td><td>Natalo<\/td><td>Ana<\/td><td>BEL-ano<\/td><\/tr><tr><td class=\"has-text-align-right\" data-align=\"right\">52<\/td><td>RN<\/td><td>Natalo<\/td><td>Marcelo de Cristo<\/td><td>BEL-ano<\/td><\/tr><tr><td class=\"has-text-align-right\" data-align=\"right\">53<\/td><td>RN<\/td><td>Natalo<\/td><td>Mariselle<\/td><td>BEL-ano<\/td><\/tr><tr><td class=\"has-text-align-right\" data-align=\"right\">54<\/td><td>RN<\/td><td>Natalo<\/td><td>RICARDO<\/td><td>BEL-ano<\/td><\/tr><tr><td class=\"has-text-align-right\" data-align=\"right\">55<\/td><td>RS<\/td><td>Porto-Alegro<\/td><td>Eugenio, OFS<\/td><td>BEL-ano<\/td><\/tr><tr><td class=\"has-text-align-right\" data-align=\"right\">56<\/td><td>RS<\/td><td>Porto-Alegro<\/td><td>Mi\u0125aelo<\/td><td>BEJO-ano<\/td><\/tr><tr><td class=\"has-text-align-right\" data-align=\"right\">57<\/td><td>RS<\/td><td>Porto-Alegro<\/td><td>Tiago<\/td><td>BEJO-ano<\/td><\/tr><tr><td class=\"has-text-align-right\" data-align=\"right\">58<\/td><td>SE<\/td><td>Umbaubo<\/td><td>Romero<\/td><td>BEL-ano<\/td><\/tr><tr><td class=\"has-text-align-right\" data-align=\"right\">59<\/td><td>SP<\/td><td>Aru\u0135ao<\/td><td>Ana Barbosa<\/td><td>BEL-ano<\/td><\/tr><tr><td class=\"has-text-align-right\" data-align=\"right\">60<\/td><td>SP<\/td><td>Santo<\/td><td>Zilda Mendes<\/td><td>BEL-ano<\/td><\/tr><\/tbody><\/table><\/figure>","protected":false},"excerpt":{"rendered":"<p>Esta \u00e9 a lista de pessoas inscritas no congresso. Voc\u00ea pode usar Ctrl+F (ou Cmd+F) para conferir se seu nome est\u00e1 nela. Esta lista foi atualizada em 21 de abril de 2026. UF Cidade Nome Categoria 1 AL Macei\u00f3 Aristophio Membro da BEL 2 AL Rio Largo Antonio Jos\u00e9 Ramos Alves Membro da BEL 3 [&hellip;]<\/p>\n","protected":false},"author":1,"featured_media":0,"parent":0,"menu_order":1,"comment_status":"closed","ping_status":"closed","template":"","meta":{"iawp_total_views":219,"footnotes":""},"class_list":["post-65","page","type-page","status-publish","hentry"],"blocksy_meta":[],"_links":{"self":[{"href":"https:\/\/congresso.esperanto.org.br\/eo\/wp-json\/wp\/v2\/pages\/65","targetHints":{"allow":["GET"]}}],"collection":[{"href":"https:\/\/congresso.esperanto.org.br\/eo\/wp-json\/wp\/v2\/pages"}],"about":[{"href":"https:\/\/congresso.esperanto.org.br\/eo\/wp-json\/wp\/v2\/types\/page"}],"author":[{"embeddable":true,"href":"https:\/\/congresso.esperanto.org.br\/eo\/wp-json\/wp\/v2\/users\/1"}],"replies":[{"embeddable":true,"href":"https:\/\/congresso.esperanto.org.br\/eo\/wp-json\/wp\/v2\/comments?post=65"}],"version-history":[{"count":7,"href":"https:\/\/congresso.esperanto.org.br\/eo\/wp-json\/wp\/v2\/pages\/65\/revisions"}],"predecessor-version":[{"id":167,"href":"https:\/\/congresso.esperanto.org.br\/eo\/wp-json\/wp\/v2\/pages\/65\/revisions\/167"}],"wp:attachment":[{"href":"https:\/\/congresso.esperanto.org.br\/eo\/wp-json\/wp\/v2\/media?parent=65"}],"curies":[{"name":"wp","href":"https:\/\/api.w.org\/{rel}","templated":true}]}}