{"id":33,"date":"2026-01-26T17:53:27","date_gmt":"2026-01-26T20:53:27","guid":{"rendered":"https:\/\/congresso.esperanto.org.br\/?page_id=33"},"modified":"2026-03-27T16:34:42","modified_gmt":"2026-03-27T19:34:42","slug":"inicio","status":"publish","type":"page","link":"https:\/\/congresso.esperanto.org.br\/eo\/","title":{"rendered":"\u0108efpa\u011do"},"content":{"rendered":"<div class=\"wp-block-getwid-section alignfull alignfull getwid-margin-top-none getwid-margin-bottom-none\"><div class=\"wp-block-getwid-section__wrapper getwid-margin-left-none getwid-margin-right-none\" style=\"min-height:75vh\"><div class=\"wp-block-getwid-section__divider is-bottom-divider\"><svg style=\"height:20px\" x=\"0px\" y=\"0px\" viewbox=\"0 0 1000 100\" preserveaspectratio=\"none\" class=\"wp-block-getwid-section__divider-svg wp-block-getwid-section__divider-svg-negative\"><polygon fill=\"var(--theme-palette-color-2, #114C59)\" class=\"wp-block-getwid-section__divider-svg-fill\" points=\"0,1.1 0,100 1000,100 1000,1.1 710,98.9 \"><\/polygon><\/svg><\/div><div class=\"wp-block-getwid-section__inner-wrapper\"><div class=\"wp-block-getwid-section__background-holder\"><div class=\"wp-block-getwid-section__background has-background has-palette-color-1-background-color\" style=\"background-image:url('https:\/\/congresso.esperanto.org.br\/wp-content\/uploads\/sites\/3\/2026\/03\/fundohero.webp')\"><div class=\"wp-block-getwid-section__background-image-wrapper\"><img decoding=\"async\" class=\"wp-block-getwid-section__background-image\" src=\"https:\/\/congresso.esperanto.org.br\/wp-content\/uploads\/sites\/3\/2026\/03\/fundohero.webp\" alt=\"\"\/><\/div><\/div><div class=\"wp-block-getwid-section__foreground\" style=\"opacity:0.65;background-color:var(--theme-palette-color-5, #C2D9BF);mix-blend-mode:\"><\/div><\/div><div class=\"wp-block-getwid-section__content\"><div class=\"wp-block-getwid-section__inner-content\">\n<div class=\"wp-block-columns are-vertically-aligned-center is-layout-flex wp-container-core-columns-is-layout-28f84493 wp-block-columns-is-layout-flex\">\n<div class=\"wp-block-column is-vertically-aligned-center is-layout-flow wp-block-column-is-layout-flow\">\n<h1 class=\"wp-block-heading has-text-align-center\" style=\"margin-top:var(--wp--preset--spacing--20);margin-bottom:var(--wp--preset--spacing--20);font-size:clamp(1.648em, 1.648rem + ((1vw - 0.2em) * 1.44), 2.8em);\">60-a Brazila Kongreso de Esperanto<\/h1>\n\n\n\n<h2 class=\"wp-block-heading has-text-align-center\" style=\"margin-top:var(--wp--preset--spacing--20);margin-bottom:var(--wp--preset--spacing--20);font-size:clamp(1.453em, 1.453rem + ((1vw - 0.2em) * 1.184), 2.4em);\">44-a Brazila Esperantista Junulara Kongreso<\/h2>\n\n\n\n<h2 class=\"wp-block-heading has-text-align-center\" style=\"margin-top:var(--wp--preset--spacing--20);margin-bottom:var(--wp--preset--spacing--20);font-size:clamp(1.453em, 1.453rem + ((1vw - 0.2em) * 1.184), 2.4em);\">27-a Nordorienta Esperanto-Renkonti\u011do<\/h2>\n\n\n\n<h2 class=\"wp-block-heading has-text-align-center\" style=\"margin-top:var(--wp--preset--spacing--20);margin-bottom:var(--wp--preset--spacing--20);font-size:clamp(1.453em, 1.453rem + ((1vw - 0.2em) * 1.184), 2.4em);\">13-a Junulara Renkonti\u011do de Nordoriento<\/h2>\n<\/div>\n\n\n\n<div class=\"wp-block-column is-vertically-aligned-center is-layout-flow wp-block-column-is-layout-flow\">\n<p>En 2026, la plej granda esperanto-aran\u011do de Brazilo okazos en Joao-Pesoo, de la 4-a \u011dis la 7-a de junio.<\/p>\n\n\n\n<p>\u0108i tiun jaron, ni kuni\u011dos sub la temo <strong>Esperanto kaj indi\u011denaj lingvoj: rezisto kaj batalo kontra\u016d lingva hegemonio<\/strong>.<\/p>\n\n\n\n<div class=\"wp-block-buttons is-content-justification-center is-layout-flex wp-container-core-buttons-is-layout-007a9c89 wp-block-buttons-is-layout-flex\">\n<div class=\"wp-block-button has-custom-width wp-block-button__width-100 aligncenter is-style-fill\"><a class=\"wp-block-button__link has-medium-font-size has-custom-font-size wp-element-button\" href=\"https:\/\/loja.esperanto.org.br\/produto\/60bke\/\" target=\"_blank\" rel=\"noreferrer noopener\">Mi volas ali\u011di!<\/a><\/div>\n\n\n\n<div class=\"wp-block-button has-custom-width wp-block-button__width-100 is-style-outline is-style-outline--1\"><a class=\"wp-block-button__link has-palette-color-3-color has-text-color has-link-color wp-element-button\" href=\"https:\/\/congresso.esperanto.org.br\/eo\/congressistas\/\">Listo de kongresanoj<\/a><\/div>\n<\/div>\n<\/div>\n<\/div>\n<\/div><\/div><\/div><\/div><\/div>\n\n\n\n<div id=\"organizacao\" class=\"wp-block-getwid-section alignfull alignfull getwid-margin-top-none getwid-margin-bottom-none\"><div class=\"wp-block-getwid-section__wrapper getwid-margin-left-none getwid-margin-right-none\" style=\"padding-top:10vw\"><div class=\"wp-block-getwid-section__divider is-top-divider\"><svg x=\"0px\" y=\"0px\" viewbox=\"0 0 280 30\" preserveaspectratio=\"xMidYMax slice\" class=\"wp-block-getwid-section__divider-svg\"><path fill=\"var(--theme-palette-color-2, #1a7178)\" class=\"wp-block-getwid-section__divider-svg-fill\" d=\"M10.7,17.8c5.8,0,11,2.6,14.4,6.8c1.2-0.6,2.6-0.9,4-0.9c0.4,0,0.8,0,1.2,0.1c1.3-2.2,3.6-3.7,6.3-3.7c1.3,0,2.5,0.3,3.6,0.9c-0.1-0.3-0.1-0.7-0.1-1.1c0-2.7,2.2-4.9,4.9-4.9c1.9,0,3.4,1,4.3,2.6c0.1,0,0.2,0,0.2,0c5.2,0,9.5,4.2,9.5,9.5c0.2,0,0.3,0,0.5,0c0.9,0,1.8,0.1,2.6,0.2c1.9-4.5,6.3-7.7,11.5-7.7c2.5,0,4.8,0.7,6.8,2c1.1-3.8,4.6-6.6,8.8-6.6c0.5,0,1.1,0.1,1.6,0.1c0.3-2.9,2.7-5.1,5.6-5.1c0.9,0,1.7,0.2,2.5,0.6c0.8-1.5,2.4-2.6,4.3-2.6c2.7,0,4.9,2.2,4.9,4.9c0,0.9-0.3,1.7-0.7,2.4c1.3,0.7,2.4,1.7,3.2,2.8c1-1.1,2.3-1.7,3.9-1.7c1.8,0,3.3,0.9,4.3,2.2c0.5-0.1,1-0.2,1.6-0.2c3,0,5.6,1.8,6.7,4.4c3-2.4,6.9-3.8,11-3.8c0.1,0,0.1,0,0.2,0c0.1-3.8,3.2-6.8,7-6.8c0.9,0,1.8,0.2,2.6,0.5c3.6-2.7,8.1-4.3,13-4.3c7.5,0,14.2,3.8,18.1,9.6c0.3,0,0.6-0.1,1-0.1c4.6,0,8.4,3.5,8.8,8c1.6-0.6,3.3-1,5.2-1c4,0,7.6,1.7,10.2,4.4c1.8-2.6,4.8-4.4,8.2-4.4c0.2,0,0.3,0,0.5,0c-0.1-0.5-0.2-1-0.2-1.5c0-3.6,2.9-6.5,6.5-6.5c2.6,0,4.8,1.5,5.8,3.7c2-1.1,4.3-1.7,6.8-1.7c0.2,0,0.4,0,0.7,0c0.3-7.1,6.1-12.8,13.3-12.8c1.9,0,3.8,0.4,5.4,1.2c1.5-1.8,3.8-2.9,6.3-2.9c4.6,0,8.4,3.8,8.4,8.4c0,0.3,0,0.5,0,0.7c2.9,0.1,5.5,1,7.7,2.6c0.6-2,2.4-3.5,4.7-3.5c0.7,0,1.3,0.1,1.9,0.4V0H0v21.1C3,19,6.7,17.8,10.7,17.8z\"><\/path><\/svg><\/div><div class=\"wp-block-getwid-section__inner-wrapper\"><div class=\"wp-block-getwid-section__background-holder\"><div class=\"wp-block-getwid-section__background\"><\/div><div class=\"wp-block-getwid-section__foreground\"><\/div><\/div><div class=\"wp-block-getwid-section__content\"><div class=\"wp-block-getwid-section__inner-content\">\n<h2 class=\"wp-block-heading\" id=\"organizacao\">Organizado<\/h2>\n\n\n\n<div class=\"wp-block-group is-content-justification-center is-layout-flex wp-container-core-group-is-layout-7b41f3e4 wp-block-group-is-layout-flex\">\n<div class=\"wp-block-group wp-container-content-87bc3bf6 is-vertical is-content-justification-center is-layout-flex wp-container-core-group-is-layout-5e763914 wp-block-group-is-layout-flex\">\n<figure class=\"wp-block-image aligncenter size-full is-resized\"><img decoding=\"async\" width=\"200\" height=\"200\" src=\"https:\/\/congresso.esperanto.org.br\/wp-content\/uploads\/sites\/3\/2026\/03\/logo-BEL-200.webp\" alt=\"\" class=\"wp-image-141\" srcset=\"https:\/\/congresso.esperanto.org.br\/wp-content\/uploads\/sites\/3\/2026\/03\/logo-BEL-200.webp 200w, https:\/\/congresso.esperanto.org.br\/wp-content\/uploads\/sites\/3\/2026\/03\/logo-BEL-200-150x150.webp 150w, https:\/\/congresso.esperanto.org.br\/wp-content\/uploads\/sites\/3\/2026\/03\/logo-BEL-200-12x12.webp 12w\" sizes=\"(max-width: 200px) 100vw, 200px\" \/><\/figure>\n\n\n\n<p class=\"has-text-align-center\" style=\"font-size:0.75em\">Brazila Esperanto-Ligo<\/p>\n<\/div>\n\n\n\n<div class=\"wp-block-group wp-container-content-87bc3bf6 is-vertical is-content-justification-center is-layout-flex wp-container-core-group-is-layout-5e763914 wp-block-group-is-layout-flex\">\n<figure class=\"wp-block-image aligncenter size-full is-resized\"><img decoding=\"async\" width=\"200\" height=\"200\" src=\"https:\/\/congresso.esperanto.org.br\/wp-content\/uploads\/sites\/3\/2026\/03\/logo-BEJO-200.webp\" alt=\"\" class=\"wp-image-140\" srcset=\"https:\/\/congresso.esperanto.org.br\/wp-content\/uploads\/sites\/3\/2026\/03\/logo-BEJO-200.webp 200w, https:\/\/congresso.esperanto.org.br\/wp-content\/uploads\/sites\/3\/2026\/03\/logo-BEJO-200-150x150.webp 150w, https:\/\/congresso.esperanto.org.br\/wp-content\/uploads\/sites\/3\/2026\/03\/logo-BEJO-200-12x12.webp 12w\" sizes=\"(max-width: 200px) 100vw, 200px\" \/><\/figure>\n\n\n\n<p class=\"has-text-align-center\" style=\"font-size:0.75em\">Brazila Esperantista Junulara Organizo<\/p>\n<\/div>\n<\/div>\n<\/div><\/div><\/div><\/div><\/div>","protected":false},"excerpt":{"rendered":"","protected":false},"author":1,"featured_media":0,"parent":0,"menu_order":0,"comment_status":"closed","ping_status":"closed","template":"","meta":{"iawp_total_views":515,"footnotes":""},"class_list":["post-33","page","type-page","status-publish","hentry"],"blocksy_meta":{"has_hero_section":"disabled","styles_descriptor":{"styles":{"desktop":"","tablet":"","mobile":""},"google_fonts":[],"version":6},"content_style_source":"inherit","vertical_spacing_source":"custom","content_area_spacing":"bottom"},"_links":{"self":[{"href":"https:\/\/congresso.esperanto.org.br\/eo\/wp-json\/wp\/v2\/pages\/33","targetHints":{"allow":["GET"]}}],"collection":[{"href":"https:\/\/congresso.esperanto.org.br\/eo\/wp-json\/wp\/v2\/pages"}],"about":[{"href":"https:\/\/congresso.esperanto.org.br\/eo\/wp-json\/wp\/v2\/types\/page"}],"author":[{"embeddable":true,"href":"https:\/\/congresso.esperanto.org.br\/eo\/wp-json\/wp\/v2\/users\/1"}],"replies":[{"embeddable":true,"href":"https:\/\/congresso.esperanto.org.br\/eo\/wp-json\/wp\/v2\/comments?post=33"}],"version-history":[{"count":10,"href":"https:\/\/congresso.esperanto.org.br\/eo\/wp-json\/wp\/v2\/pages\/33\/revisions"}],"predecessor-version":[{"id":151,"href":"https:\/\/congresso.esperanto.org.br\/eo\/wp-json\/wp\/v2\/pages\/33\/revisions\/151"}],"wp:attachment":[{"href":"https:\/\/congresso.esperanto.org.br\/eo\/wp-json\/wp\/v2\/media?parent=33"}],"curies":[{"name":"wp","href":"https:\/\/api.w.org\/{rel}","templated":true}]}}