{"id":160,"date":"2026-04-09T18:21:00","date_gmt":"2026-04-09T21:21:00","guid":{"rendered":"https:\/\/congresso.esperanto.org.br\/?page_id=160"},"modified":"2026-04-09T18:21:28","modified_gmt":"2026-04-09T21:21:28","slug":"propor-atividade","status":"publish","type":"page","link":"https:\/\/congresso.esperanto.org.br\/eo\/propor-atividade\/","title":{"rendered":"Proponha sua atividade"},"content":{"rendered":"<p>Voc\u00ea \u00e9 parte importante do nosso evento. Inscreva sua proposta de programa\u00e7\u00e3o no formul\u00e1rio abaixo.<\/p>\n\n\n\n<div class=\"forminator-guttenberg\"><div class=\"forminator-ui forminator-custom-form forminator-custom-form-155 forminator-design--material  forminator_ajax\" data-forminator-render=\"0\" data-form=\"forminator-module-155\" data-uid=\"69ea6decc5337\"><br\/><\/div><form\n\t\t\t\tid=\"forminator-module-155\"\n\t\t\t\tclass=\"forminator-ui forminator-custom-form forminator-custom-form-155 forminator-design--material  forminator_ajax\"\n\t\t\t\tmethod=\"post\"\n\t\t\t\tdata-forminator-render=\"0\"\n\t\t\t\tdata-form-id=\"155\"\n\t\t\t\t data-color-option=\"theme\" data-design=\"material\" data-grid=\"open\" style=\"display: none;\"\n\t\t\t\tdata-uid=\"69ea6decc5337\" action=\"\"\n\t\t\t><div role=\"alert\" aria-live=\"polite\" class=\"forminator-response-message forminator-error\" aria-hidden=\"true\"><\/div><div class=\"forminator-row\"><div id=\"section-2\" class=\"forminator-field-section forminator-col forminator-col-12\"><div class=\"forminator-field\"><h2 class=\"forminator-title\">Sua atividade<\/h2><h3 class=\"forminator-subtitle\">Conta pra gente aquilo que voc\u00ea quer fazer.<\/h3><\/div><\/div><\/div><div class=\"forminator-row\"><div id=\"text-1\" class=\"forminator-field-text forminator-col forminator-col-12\"><div class=\"forminator-field\"><label for=\"forminator-field-text-1_69ea6decc5337\" id=\"forminator-field-text-1_69ea6decc5337-label\" class=\"forminator-label\">T\u00edtulo da atividade <span class=\"forminator-required\">*<\/span><\/label><input type=\"text\" name=\"text-1\" value=\"\" placeholder=\"Ex.: Como nunca esquecer o acusativo\" id=\"forminator-field-text-1_69ea6decc5337\" class=\"forminator-input forminator-name--field\" data-required=\"1\" aria-describedby=\"forminator-field-text-1_69ea6decc5337-description\" \/><span id=\"forminator-field-text-1_69ea6decc5337-description\" class=\"forminator-description\">Como voc\u00ea deseja que sua atividade apare\u00e7a na tabela de programa\u00e7\u00e3o?<\/span><\/div><\/div><\/div><div class=\"forminator-row\"><div id=\"radio-2\" class=\"forminator-field-radio forminator-col forminator-col-6\"><div role=\"radiogroup\" class=\"forminator-field\" aria-labelledby=\"forminator-radiogroup-radio-2-69ea6decc5337-label\"><span id=\"forminator-radiogroup-radio-2-69ea6decc5337-label\" class=\"forminator-label\">Tipo <span class=\"forminator-required\">*<\/span><\/span><label id=\"forminator-field-radio-2-label-1\" for=\"forminator-field-radio-2-1-69ea6decc5337\" class=\"forminator-radio\" title=\"Palestra\"><input type=\"radio\" name=\"radio-2\" value=\"palestra\" id=\"forminator-field-radio-2-1-69ea6decc5337\" aria-labelledby=\"forminator-field-radio-2-label-1\" data-calculation=\"0\"  \/><span class=\"forminator-radio-bullet\" aria-hidden=\"true\"><\/span><span class=\"forminator-radio-label\">Palestra<\/span><\/label><label id=\"forminator-field-radio-2-label-2\" for=\"forminator-field-radio-2-2-69ea6decc5337\" class=\"forminator-radio\" title=\"Jogo\"><input type=\"radio\" name=\"radio-2\" value=\"jogo\" id=\"forminator-field-radio-2-2-69ea6decc5337\" aria-labelledby=\"forminator-field-radio-2-label-2\" data-calculation=\"0\"  \/><span class=\"forminator-radio-bullet\" aria-hidden=\"true\"><\/span><span class=\"forminator-radio-label\">Jogo<\/span><\/label><label id=\"forminator-field-radio-2-label-3\" for=\"forminator-field-radio-2-3-69ea6decc5337\" class=\"forminator-radio\" title=\"Roda de conversa\"><input type=\"radio\" name=\"radio-2\" value=\"roda_de_conversa\" id=\"forminator-field-radio-2-3-69ea6decc5337\" aria-labelledby=\"forminator-field-radio-2-label-3\" data-calculation=\"0\"  \/><span class=\"forminator-radio-bullet\" aria-hidden=\"true\"><\/span><span class=\"forminator-radio-label\">Roda de conversa<\/span><\/label><label id=\"forminator-field-radio-2-label-4\" for=\"forminator-field-radio-2-4-69ea6decc5337\" class=\"forminator-radio\" title=\"Oficina\"><input type=\"radio\" name=\"radio-2\" value=\"oficina\" id=\"forminator-field-radio-2-4-69ea6decc5337\" aria-labelledby=\"forminator-field-radio-2-label-4\" data-calculation=\"0\"  \/><span class=\"forminator-radio-bullet\" aria-hidden=\"true\"><\/span><span class=\"forminator-radio-label\">Oficina<\/span><\/label><label id=\"forminator-field-radio-2-label-5\" for=\"forminator-field-radio-2-5-69ea6decc5337\" class=\"forminator-radio\" title=\"Atividade art\u00edstica\"><input type=\"radio\" name=\"radio-2\" value=\"atividade_artistica\" id=\"forminator-field-radio-2-5-69ea6decc5337\" aria-labelledby=\"forminator-field-radio-2-label-5\" data-calculation=\"0\"  \/><span class=\"forminator-radio-bullet\" aria-hidden=\"true\"><\/span><span class=\"forminator-radio-label\">Atividade art\u00edstica<\/span><\/label><label id=\"forminator-field-radio-2-label-6\" for=\"forminator-field-radio-2-6-69ea6decc5337\" class=\"forminator-radio\" title=\"Outro\"><input type=\"radio\" name=\"radio-2\" value=\"outro\" id=\"forminator-field-radio-2-6-69ea6decc5337\" aria-labelledby=\"forminator-field-radio-2-label-6\" data-calculation=\"0\"  \/><span class=\"forminator-radio-bullet\" aria-hidden=\"true\"><\/span><span class=\"forminator-radio-label\">Outro<\/span><\/label><\/div><\/div><div id=\"text-2\" class=\"forminator-field-text forminator-col forminator-col-6\"><div class=\"forminator-field\"><label for=\"forminator-field-text-2_69ea6decc5337\" id=\"forminator-field-text-2_69ea6decc5337-label\" class=\"forminator-label\">Qual? <span class=\"forminator-required\">*<\/span><\/label><input type=\"text\" name=\"text-2\" value=\"\" placeholder=\"\" id=\"forminator-field-text-2_69ea6decc5337\" class=\"forminator-input forminator-name--field\" data-required=\"1\" aria-describedby=\"forminator-field-text-2_69ea6decc5337-description\" \/><span id=\"forminator-field-text-2_69ea6decc5337-description\" class=\"forminator-description\">Escreva aqui o tipo da sua atividade.<\/span><\/div><\/div><\/div><div class=\"forminator-row\"><div id=\"radio-1\" class=\"forminator-field-radio forminator-col forminator-col-6\"><div role=\"radiogroup\" class=\"forminator-field\" aria-labelledby=\"forminator-radiogroup-radio-1-69ea6decc5337-label\" aria-describedby=\"forminator-radiogroup-radio-1-69ea6decc5337-description\"><span id=\"forminator-radiogroup-radio-1-69ea6decc5337-label\" class=\"forminator-label\">Idioma <span class=\"forminator-required\">*<\/span><\/span><label id=\"forminator-field-radio-1-label-1\" for=\"forminator-field-radio-1-1-69ea6decc5337\" class=\"forminator-radio forminator-radio-inline\" title=\"Esperanto\"><input type=\"radio\" name=\"radio-1\" value=\"esperanto\" id=\"forminator-field-radio-1-1-69ea6decc5337\" aria-labelledby=\"forminator-field-radio-1-label-1\" data-calculation=\"0\"   aria-describedby=\"forminator-field-radio-1-69ea6decc5337-description\"\/><span class=\"forminator-radio-bullet\" aria-hidden=\"true\"><\/span><span class=\"forminator-radio-label\">Esperanto<\/span><\/label><label id=\"forminator-field-radio-1-label-2\" for=\"forminator-field-radio-1-2-69ea6decc5337\" class=\"forminator-radio forminator-radio-inline\" title=\"Portugu\u00eas\"><input type=\"radio\" name=\"radio-1\" value=\"portugues\" id=\"forminator-field-radio-1-2-69ea6decc5337\" aria-labelledby=\"forminator-field-radio-1-label-2\" data-calculation=\"0\"   aria-describedby=\"forminator-field-radio-1-69ea6decc5337-description\"\/><span class=\"forminator-radio-bullet\" aria-hidden=\"true\"><\/span><span class=\"forminator-radio-label\">Portugu\u00eas<\/span><\/label><span id=\"forminator-radiogroup-radio-1-69ea6decc5337-description\" class=\"forminator-description\">Qual ser\u00e1 a l\u00edngua principal usada na sua atividade?<\/span><\/div><\/div><div id=\"text-3\" class=\"forminator-field-text forminator-col forminator-col-6\"><div class=\"forminator-field\"><label for=\"forminator-field-text-3_69ea6decc5337\" id=\"forminator-field-text-3_69ea6decc5337-label\" class=\"forminator-label\">Quanto tempo vai durar? <span class=\"forminator-required\">*<\/span><\/label><input type=\"text\" name=\"text-3\" value=\"\" placeholder=\"Ex.: 40min\" id=\"forminator-field-text-3_69ea6decc5337\" class=\"forminator-input forminator-name--field\" data-required=\"1\" aria-describedby=\"forminator-field-text-3_69ea6decc5337-description\" \/><span id=\"forminator-field-text-3_69ea6decc5337-description\" class=\"forminator-description\">Ser\u00e1 importante para vermos como inserimos sua atividade na programa\u00e7\u00e3o.<\/span><\/div><\/div><\/div><div class=\"forminator-row\"><div id=\"checkbox-1\" class=\"forminator-field-checkbox forminator-col forminator-col-6\"><div role=\"group\" class=\"forminator-field required\" aria-labelledby=\"forminator-checkbox-group-forminator-field-checkbox-1-69ea6decc5337-label\"><span id=\"forminator-checkbox-group-forminator-field-checkbox-1-69ea6decc5337-label\" class=\"forminator-label\">Dias preferenciais <span class=\"forminator-required\">*<\/span><\/span><label id=\"forminator-field-checkbox-1-1-69ea6decc5337-label\" for=\"forminator-field-checkbox-1-1-69ea6decc5337\" class=\"forminator-checkbox\" title=\"05\/06 - sexta-feira - o segundo dia\"><input type=\"checkbox\" name=\"checkbox-1[]\" value=\"segundo\" id=\"forminator-field-checkbox-1-1-69ea6decc5337\" aria-labelledby=\"forminator-field-checkbox-1-1-69ea6decc5337-label\" data-calculation=\"0\" checked=\"checked\"  aria-describedby=\"forminator-field-checkbox-1-69ea6decc5337-description\"\/><span class=\"forminator-checkbox-box\" aria-hidden=\"true\"><\/span><span class=\"forminator-checkbox-label\">05\/06 &#8211; sexta-feira &#8211; o segundo dia<\/span><\/label><label id=\"forminator-field-checkbox-1-2-69ea6decc5337-label\" for=\"forminator-field-checkbox-1-2-69ea6decc5337\" class=\"forminator-checkbox\" title=\"06\/06 - s\u00e1bado - o terceiro dia\"><input type=\"checkbox\" name=\"checkbox-1[]\" value=\"terceiro\" id=\"forminator-field-checkbox-1-2-69ea6decc5337\" aria-labelledby=\"forminator-field-checkbox-1-2-69ea6decc5337-label\" data-calculation=\"0\" checked=\"checked\"  aria-describedby=\"forminator-field-checkbox-1-69ea6decc5337-description\"\/><span class=\"forminator-checkbox-box\" aria-hidden=\"true\"><\/span><span class=\"forminator-checkbox-label\">06\/06 &#8211; s\u00e1bado &#8211; o terceiro dia<\/span><\/label><span id=\"forminator-field-checkbox-1-69ea6decc5337-description\" class=\"forminator-description\">Em qual(is) dia(s) voc\u00ea prefere que sua atividade aconte\u00e7a?<\/span><\/div><\/div><div id=\"radio-3\" class=\"forminator-field-radio forminator-col forminator-col-6\"><div role=\"radiogroup\" class=\"forminator-field\" aria-labelledby=\"forminator-radiogroup-radio-3-69ea6decc5337-label\" aria-describedby=\"forminator-radiogroup-radio-3-69ea6decc5337-description\"><span id=\"forminator-radiogroup-radio-3-69ea6decc5337-label\" class=\"forminator-label\">Em que momento? <span class=\"forminator-required\">*<\/span><\/span><label id=\"forminator-field-radio-3-label-1\" for=\"forminator-field-radio-3-1-69ea6decc5337\" class=\"forminator-radio\" title=\"Pela manh\u00e3 (das 9 \u00e0s 12)\"><input type=\"radio\" name=\"radio-3\" value=\"manha\" id=\"forminator-field-radio-3-1-69ea6decc5337\" aria-labelledby=\"forminator-field-radio-3-label-1\" data-calculation=\"0\"   aria-describedby=\"forminator-field-radio-3-69ea6decc5337-description\"\/><span class=\"forminator-radio-bullet\" aria-hidden=\"true\"><\/span><span class=\"forminator-radio-label\">Pela manh\u00e3 (das 9 \u00e0s 12)<\/span><\/label><label id=\"forminator-field-radio-3-label-2\" for=\"forminator-field-radio-3-2-69ea6decc5337\" class=\"forminator-radio\" title=\"\u00c0 tarde (das 14 \u00e0s 18)\"><input type=\"radio\" name=\"radio-3\" value=\"tarde\" id=\"forminator-field-radio-3-2-69ea6decc5337\" aria-labelledby=\"forminator-field-radio-3-label-2\" data-calculation=\"0\"   aria-describedby=\"forminator-field-radio-3-69ea6decc5337-description\"\/><span class=\"forminator-radio-bullet\" aria-hidden=\"true\"><\/span><span class=\"forminator-radio-label\">\u00c0 tarde (das 14 \u00e0s 18)<\/span><\/label><label id=\"forminator-field-radio-3-label-3\" for=\"forminator-field-radio-3-3-69ea6decc5337\" class=\"forminator-radio\" title=\"N\u00e3o tenho prefer\u00eancia\"><input type=\"radio\" name=\"radio-3\" value=\"qualquer\" id=\"forminator-field-radio-3-3-69ea6decc5337\" aria-labelledby=\"forminator-field-radio-3-label-3\" data-calculation=\"0\" checked=\"checked\"  aria-describedby=\"forminator-field-radio-3-69ea6decc5337-description\"\/><span class=\"forminator-radio-bullet\" aria-hidden=\"true\"><\/span><span class=\"forminator-radio-label\">N\u00e3o tenho prefer\u00eancia<\/span><\/label><span id=\"forminator-radiogroup-radio-3-69ea6decc5337-description\" class=\"forminator-description\">Voc\u00ea tem alguma prefer\u00eancia do momento em que sua atividade deve ocorrer?<\/span><\/div><\/div><\/div><div class=\"forminator-row\"><div id=\"textarea-1\" class=\"forminator-field-textarea forminator-col forminator-col-12\"><div class=\"forminator-field\"><label for=\"forminator-field-textarea-1_69ea6decc5337\" id=\"forminator-field-textarea-1_69ea6decc5337-label\" class=\"forminator-label\">Descri\u00e7\u00e3o da atividade <span class=\"forminator-required\">*<\/span><\/label><textarea name=\"textarea-1\" placeholder=\"Esta informa\u00e7\u00e3o vai aparecer na p\u00e1gina da atividade.Voc\u00ea pode inserir v\u00e1rias linhas.\" id=\"forminator-field-textarea-1_69ea6decc5337\" class=\"forminator-textarea\" rows=\"6\" style=\"--forminator-textarea-min-height:140px;\" aria-describedby=\"forminator-field-textarea-1_69ea6decc5337-description\" ><\/textarea><span id=\"forminator-field-textarea-1_69ea6decc5337-description\" class=\"forminator-description\">Conte sobre sua atividade para que nossos congressistas saibam do que se trata. Esta informa\u00e7\u00e3o vai aparecer na p\u00e1gina da atividade.<\/span><\/div><\/div><\/div><div class=\"forminator-row\"><div id=\"textarea-3\" class=\"forminator-field-textarea forminator-col forminator-col-12\"><div class=\"forminator-field\"><label for=\"forminator-field-textarea-3_69ea6decc5337\" id=\"forminator-field-textarea-3_69ea6decc5337-label\" class=\"forminator-label\">Os participantes da sua atividade v\u00e3o precisar trazer algo?<\/label><textarea name=\"textarea-3\" placeholder=\"\" id=\"forminator-field-textarea-3_69ea6decc5337\" class=\"forminator-textarea\" rows=\"6\" style=\"--forminator-textarea-min-height:50px;\" aria-describedby=\"forminator-field-textarea-3_69ea6decc5337-description\" ><\/textarea><span id=\"forminator-field-textarea-3_69ea6decc5337-description\" class=\"forminator-description\">Papel e caneta, um instrumento musical, uma pe\u00e7a de roupa, etc.<\/span><\/div><\/div><\/div><div class=\"forminator-row\"><div id=\"textarea-5\" class=\"forminator-field-textarea forminator-col forminator-col-12\"><div class=\"forminator-field\"><label for=\"forminator-field-textarea-5_69ea6decc5337\" id=\"forminator-field-textarea-5_69ea6decc5337-label\" class=\"forminator-label\">Outras informa\u00e7\u00f5es aos organizadores<\/label><textarea name=\"textarea-5\" placeholder=\"Use este campo se voc\u00ea quiser falar de algo mais. Esta informa\u00e7\u00e3o N\u00c3O vai aparecer na p\u00e1gina da atividade.Voc\u00ea pode inserir v\u00e1rias linhas.\" id=\"forminator-field-textarea-5_69ea6decc5337\" class=\"forminator-textarea\" rows=\"6\" style=\"--forminator-textarea-min-height:140px;\" aria-describedby=\"forminator-field-textarea-5_69ea6decc5337-description\" ><\/textarea><span id=\"forminator-field-textarea-5_69ea6decc5337-description\" class=\"forminator-description\">Por que devemos escolher sua atividade? H\u00e1 algo que precisa ser melhor explicado? H\u00e1 outra coisa importante que devemos saber? Use este campo para dar a n\u00f3s, os organizadores, informa\u00e7\u00f5es que n\u00e3o v\u00e3o aparecer para o p\u00fablico, mas que voc\u00ea acha importantes.<\/span><\/div><\/div><\/div><div class=\"forminator-row\"><div id=\"section-1\" class=\"forminator-field-section forminator-col forminator-col-12\"><div class=\"forminator-field\"><h2 class=\"forminator-title\">Dados pessoais<\/h2><h3 class=\"forminator-subtitle\">Agora, fale um pouco de voc\u00ea.<\/h3><\/div><\/div><\/div><div class=\"forminator-row\"><div id=\"name-1\" class=\"forminator-field-name forminator-col forminator-col-12\"><div class=\"forminator-field\"><label for=\"forminator-field-name-1_69ea6decc5337\" id=\"forminator-field-name-1_69ea6decc5337-label\" class=\"forminator-label\">Nomo <span class=\"forminator-required\">*<\/span><\/label><input type=\"text\" name=\"name-1\" value=\"\" placeholder=\"Ex.: Lazaro Ludoviko Zamenhof\" id=\"forminator-field-name-1_69ea6decc5337\" class=\"forminator-input forminator-name--field\" aria-required=\"true\" autocomplete=\"name\" aria-describedby=\"forminator-field-name-1_69ea6decc5337-description\" \/><span id=\"forminator-field-name-1_69ea6decc5337-description\" class=\"forminator-description\">Como eu nome deve aparecer na tabela de programa\u00e7\u00e3o?<\/span><\/div><\/div><\/div><div class=\"forminator-row\"><div id=\"email-1\" class=\"forminator-field-email forminator-col forminator-col-6\"><div class=\"forminator-field\"><label for=\"forminator-field-email-1_69ea6decc5337\" id=\"forminator-field-email-1_69ea6decc5337-label\" class=\"forminator-label\">E-mail <span class=\"forminator-required\">*<\/span><\/label><input type=\"email\" name=\"email-1\" value=\"\" placeholder=\"Ex.: zamcxjo@esperanto.eo\" id=\"forminator-field-email-1_69ea6decc5337\" class=\"forminator-input forminator-email--field\" data-required=\"1\" aria-required=\"true\" autocomplete=\"email\" aria-describedby=\"forminator-field-email-1_69ea6decc5337-description\" \/><span id=\"forminator-field-email-1_69ea6decc5337-description\" class=\"forminator-description\">Vamos us\u00e1-lo para te contatar.<\/span><\/div><\/div><div id=\"phone-1\" class=\"forminator-field-phone forminator-col forminator-col-6\"><div class=\"forminator-field\"><label for=\"forminator-field-phone-1_69ea6decc5337\" id=\"forminator-field-phone-1_69ea6decc5337-label\" class=\"forminator-label\">Telefone<\/label><input type=\"text\" name=\"phone-1\" value=\"\" placeholder=\"Ex.: (XX) XXXXX XXXX\" id=\"forminator-field-phone-1_69ea6decc5337\" class=\"forminator-input forminator-field--phone\" data-required=\"\" aria-required=\"false\" autocomplete=\"off\" data-national_mode=\"disabled\" data-country=\"br\" data-validation=\"international\" aria-describedby=\"forminator-field-phone-1_69ea6decc5337-description\" \/><span id=\"forminator-field-phone-1_69ea6decc5337-description\" class=\"forminator-description\">Por  favor, informe seu n\u00famero completo (com DDD e, se voc\u00ea for estrangeiro, com o c\u00f3digo do pa\u00eds).<\/span><\/div><\/div><\/div><div class=\"forminator-row\"><div id=\"textarea-4\" class=\"forminator-field-textarea forminator-col forminator-col-12\"><div class=\"forminator-field\"><label for=\"forminator-field-textarea-4_69ea6decc5337\" id=\"forminator-field-textarea-4_69ea6decc5337-label\" class=\"forminator-label\">Coment\u00e1rios<\/label><textarea name=\"textarea-4\" placeholder=\"\" id=\"forminator-field-textarea-4_69ea6decc5337\" class=\"forminator-textarea\" rows=\"6\" style=\"--forminator-textarea-min-height:140px;\" aria-describedby=\"forminator-field-textarea-4_69ea6decc5337-description\" ><\/textarea><span id=\"forminator-field-textarea-4_69ea6decc5337-description\" class=\"forminator-description\">Tem algo mais que precisamos saber?<\/span><\/div><\/div><\/div><input type=\"hidden\" name=\"referer_url\" value=\"\" \/><div class=\"forminator-row forminator-row-last\"><div class=\"forminator-col\"><div class=\"forminator-field\"><button class=\"forminator-button forminator-button-submit\"><span>Enviar<\/span><span aria-hidden=\"true\"><\/span><\/button><\/div><\/div><\/div><input type=\"hidden\" id=\"forminator_nonce\" name=\"forminator_nonce\" value=\"a1db2ed78a\" \/><input type=\"hidden\" name=\"_wp_http_referer\" value=\"\/eo\/wp-json\/wp\/v2\/pages\/160\" \/><input type=\"hidden\" name=\"form_id\" value=\"155\"><input type=\"hidden\" name=\"page_id\" value=\"160\"><input type=\"hidden\" name=\"form_type\" value=\"default\"><input type=\"hidden\" name=\"current_url\" value=\"https:\/\/congresso.esperanto.org.br\/eo\/propor-atividade\/\"><input type=\"hidden\" name=\"render_id\" value=\"0\"><input type=\"hidden\" name=\"action\" value=\"forminator_submit_form_custom-forms\"><input type=\"hidden\" name=\"trp-form-language\" value=\"eo\"\/><\/form><\/div>","protected":false},"excerpt":{"rendered":"<p>Voc\u00ea \u00e9 parte importante do nosso evento. Inscreva sua proposta de programa\u00e7\u00e3o no formul\u00e1rio abaixo.<\/p>","protected":false},"author":1,"featured_media":0,"parent":0,"menu_order":0,"comment_status":"closed","ping_status":"closed","template":"","meta":{"iawp_total_views":125,"footnotes":""},"class_list":["post-160","page","type-page","status-publish","hentry"],"blocksy_meta":[],"_links":{"self":[{"href":"https:\/\/congresso.esperanto.org.br\/eo\/wp-json\/wp\/v2\/pages\/160","targetHints":{"allow":["GET"]}}],"collection":[{"href":"https:\/\/congresso.esperanto.org.br\/eo\/wp-json\/wp\/v2\/pages"}],"about":[{"href":"https:\/\/congresso.esperanto.org.br\/eo\/wp-json\/wp\/v2\/types\/page"}],"author":[{"embeddable":true,"href":"https:\/\/congresso.esperanto.org.br\/eo\/wp-json\/wp\/v2\/users\/1"}],"replies":[{"embeddable":true,"href":"https:\/\/congresso.esperanto.org.br\/eo\/wp-json\/wp\/v2\/comments?post=160"}],"version-history":[{"count":1,"href":"https:\/\/congresso.esperanto.org.br\/eo\/wp-json\/wp\/v2\/pages\/160\/revisions"}],"predecessor-version":[{"id":161,"href":"https:\/\/congresso.esperanto.org.br\/eo\/wp-json\/wp\/v2\/pages\/160\/revisions\/161"}],"wp:attachment":[{"href":"https:\/\/congresso.esperanto.org.br\/eo\/wp-json\/wp\/v2\/media?parent=160"}],"curies":[{"name":"wp","href":"https:\/\/api.w.org\/{rel}","templated":true}]}}